{"id":818,"date":"2020-05-21T18:06:24","date_gmt":"2020-05-21T18:06:24","guid":{"rendered":"https:\/\/demo.winnertheme.com\/zapedah\/?page_id=818"},"modified":"2023-12-11T22:31:56","modified_gmt":"2023-12-12T03:31:56","slug":"blog","status":"publish","type":"page","link":"https:\/\/jhtotalchiropractic.com\/es\/blog\/","title":{"rendered":"Blog"},"content":{"rendered":"<div data-elementor-type=\"wp-page\" data-elementor-id=\"818\" class=\"elementor elementor-818\" data-elementor-post-type=\"page\">\n\t\t\t\t\t\t\t\t\t<section class=\"elementor-section elementor-top-section elementor-element elementor-element-12c2cfe elementor-section-boxed elementor-section-height-default elementor-section-height-default\" data-id=\"12c2cfe\" data-element_type=\"section\" data-settings=\"{&quot;background_background&quot;:&quot;classic&quot;}\">\n\t\t\t\t\t\t\t<div class=\"elementor-background-overlay\"><\/div>\n\t\t\t\t\t\t\t<div class=\"elementor-container elementor-column-gap-extended\">\n\t\t\t\t\t<div class=\"elementor-column elementor-col-100 elementor-top-column elementor-element elementor-element-a7c03ff\" data-id=\"a7c03ff\" data-element_type=\"column\">\n\t\t\t<div class=\"elementor-widget-wrap elementor-element-populated\">\n\t\t\t\t\t\t\t\t<div class=\"elementor-element elementor-element-5cc9f65 elementor-widget elementor-widget-text-editor\" data-id=\"5cc9f65\" data-element_type=\"widget\" data-widget_type=\"text-editor.default\">\n\t\t\t\t<div class=\"elementor-widget-container\">\n\t\t\t<style>\/*! elementor - v3.18.0 - 08-12-2023 *\/\n.elementor-widget-text-editor.elementor-drop-cap-view-stacked .elementor-drop-cap{background-color:#69727d;color:#fff}.elementor-widget-text-editor.elementor-drop-cap-view-framed .elementor-drop-cap{color:#69727d;border:3px solid;background-color:transparent}.elementor-widget-text-editor:not(.elementor-drop-cap-view-default) .elementor-drop-cap{margin-top:8px}.elementor-widget-text-editor:not(.elementor-drop-cap-view-default) .elementor-drop-cap-letter{width:1em;height:1em}.elementor-widget-text-editor .elementor-drop-cap{float:left;text-align:center;line-height:1;font-size:50px}.elementor-widget-text-editor .elementor-drop-cap-letter{display:inline-block}<\/style>\t\t\t\t<p>Our blog<\/p>\t\t\t\t\t\t<\/div>\n\t\t\t\t<\/div>\n\t\t\t\t<div class=\"elementor-element elementor-element-b5935af elementor-widget elementor-widget-zapedah-title\" data-id=\"b5935af\" data-element_type=\"widget\" data-widget_type=\"zapedah-title.default\">\n\t\t\t\t<div class=\"elementor-widget-container\">\n\t\t\t<h2 class=\"content-title\">The News<span>.<\/span><\/h2>\t\t<\/div>\n\t\t\t\t<\/div>\n\t\t\t\t\t<\/div>\n\t\t<\/div>\n\t\t\t\t\t\t\t<\/div>\n\t\t<\/section>\n\t\t\t\t<section class=\"elementor-section elementor-top-section elementor-element elementor-element-de76e3a elementor-section-boxed elementor-section-height-default elementor-section-height-default\" data-id=\"de76e3a\" data-element_type=\"section\">\n\t\t\t\t\t\t<div class=\"elementor-container elementor-column-gap-extended\">\n\t\t\t\t\t<div class=\"elementor-column elementor-col-66 elementor-top-column elementor-element elementor-element-dad2699\" data-id=\"dad2699\" data-element_type=\"column\">\n\t\t\t<div class=\"elementor-widget-wrap elementor-element-populated\">\n\t\t\t\t\t\t\t\t<div class=\"elementor-element elementor-element-c314be7 elementor-widget elementor-widget-zapedah-post-four\" data-id=\"c314be7\" data-element_type=\"widget\" data-widget_type=\"zapedah-post-four.default\">\n\t\t\t\t<div class=\"elementor-widget-container\">\n\t\t\t<div class=\"blog-post-list row clearfix blog-body\">\r\n        <div class=\"col-md-6\">\r\n        <div class=\"blog-col-inner\">\r\n\r\n\r\n\r\n\r\n            <!--if post is standard-->\r\n                                    <img fetchpriority=\"high\" decoding=\"async\" width=\"2560\" height=\"1707\" src=\"https:\/\/jhtotalchiropractic.com\/wp-content\/uploads\/2023\/12\/hue-scaled.jpg\" class=\"full-size-img wp-post-image\" alt=\"\" srcset=\"https:\/\/jhtotalchiropractic.com\/wp-content\/uploads\/2023\/12\/hue-scaled.jpg 2560w, https:\/\/jhtotalchiropractic.com\/wp-content\/uploads\/2023\/12\/hue-300x200.jpg 300w, https:\/\/jhtotalchiropractic.com\/wp-content\/uploads\/2023\/12\/hue-1024x683.jpg 1024w, https:\/\/jhtotalchiropractic.com\/wp-content\/uploads\/2023\/12\/hue-768x512.jpg 768w, https:\/\/jhtotalchiropractic.com\/wp-content\/uploads\/2023\/12\/hue-1536x1024.jpg 1536w, https:\/\/jhtotalchiropractic.com\/wp-content\/uploads\/2023\/12\/hue-2048x1365.jpg 2048w\" sizes=\"(max-width: 2560px) 100vw, 2560px\" \/>            <!--if post is gallery-->\r\n            \r\n\r\n\r\n\r\n\r\n            <div class=\"excerpt-box\">\r\n\r\n\r\n\r\n\r\n                <a href=\"https:\/\/jhtotalchiropractic.com\/es\/2023\/12\/11\/recovery-and-legal-support-how-chiropractic-care-can-aid-in-car-and-workplace-accident-injuries\/\">\r\n                    <h3>Recuperaci\u00f3n y apoyo legal: c\u00f3mo la atenci\u00f3n quiropr\u00e1ctica puede ayudar en lesiones por accidentes automovil\u00edsticos y laborales<\/h3>\r\n                <\/a>\r\n\r\n\r\n\r\n                <div class=\"widget-border\"><\/div>\r\n                                <p>\r\n                    At our chiropractic center, we understand how impactful and debilitating injuries resulting from car accidents and workplace incidents can be. Ou...                <\/p>\r\n                \r\n\r\n                                <div class=\"box-btnzero\">\r\n                    <a class=\"content-btn\" href=\"https:\/\/jhtotalchiropractic.com\/es\/2023\/12\/11\/recovery-and-legal-support-how-chiropractic-care-can-aid-in-car-and-workplace-accident-injuries\/\">\r\n\r\n                        \r\n                        Read More                    <\/a>\r\n                <\/div>\r\n                \r\n\r\n                                <ul class=\"post-meta\">\r\n\r\n                                        <li class=\"postarch\"><i class=\"fa fa-archive\"><\/i> <a href=\"https:\/\/jhtotalchiropractic.com\/es\/category\/blog\/\" rel=\"category tag\">Blog<\/a><\/li>\r\n                    \r\n                                        <li><i class=\"fa fa-user\"><\/i> <a href=\"https:\/\/jhtotalchiropractic.com\/es\/author\/jhtotalchiropractic\/\" title=\"Entradas de jhtotalchiropractic\" rel=\"author\">jhtotalchiropractic<\/a><\/li>\r\n                    \r\n                                    <\/ul>\r\n                \r\n            <\/div>\r\n\r\n        <\/div>\r\n        <div class=\"spacing30 clearfix\"><\/div>\r\n    <\/div>\r\n\r\n        <div class=\"col-md-6\">\r\n        <div class=\"blog-col-inner\">\r\n\r\n\r\n\r\n\r\n            <!--if post is standard-->\r\n                                    <img decoding=\"async\" width=\"2560\" height=\"1709\" src=\"https:\/\/jhtotalchiropractic.com\/wp-content\/uploads\/2023\/12\/chiropractor-massaging-neck-of-good-looking-man-in-2023-11-27-05-21-54-utc-scaled.jpg\" class=\"full-size-img wp-post-image\" alt=\"\" srcset=\"https:\/\/jhtotalchiropractic.com\/wp-content\/uploads\/2023\/12\/chiropractor-massaging-neck-of-good-looking-man-in-2023-11-27-05-21-54-utc-scaled.jpg 2560w, https:\/\/jhtotalchiropractic.com\/wp-content\/uploads\/2023\/12\/chiropractor-massaging-neck-of-good-looking-man-in-2023-11-27-05-21-54-utc-300x200.jpg 300w, https:\/\/jhtotalchiropractic.com\/wp-content\/uploads\/2023\/12\/chiropractor-massaging-neck-of-good-looking-man-in-2023-11-27-05-21-54-utc-1024x683.jpg 1024w, https:\/\/jhtotalchiropractic.com\/wp-content\/uploads\/2023\/12\/chiropractor-massaging-neck-of-good-looking-man-in-2023-11-27-05-21-54-utc-768x513.jpg 768w, https:\/\/jhtotalchiropractic.com\/wp-content\/uploads\/2023\/12\/chiropractor-massaging-neck-of-good-looking-man-in-2023-11-27-05-21-54-utc-1536x1025.jpg 1536w, https:\/\/jhtotalchiropractic.com\/wp-content\/uploads\/2023\/12\/chiropractor-massaging-neck-of-good-looking-man-in-2023-11-27-05-21-54-utc-2048x1367.jpg 2048w\" sizes=\"(max-width: 2560px) 100vw, 2560px\" \/>            <!--if post is gallery-->\r\n            \r\n\r\n\r\n\r\n\r\n            <div class=\"excerpt-box\">\r\n\r\n\r\n\r\n\r\n                <a href=\"https:\/\/jhtotalchiropractic.com\/es\/2023\/11\/05\/live-in-fullness-with-jhtotalchiropractic-transform-your-life-without-medications-or-surgeries\/\">\r\n                    <h3>Vive en Plenitud con JH total quiropr\u00e1ctica: Transforma tu vida sin medicamentos ni cirug\u00edas<\/h3>\r\n                <\/a>\r\n\r\n\r\n\r\n                <div class=\"widget-border\"><\/div>\r\n                                <p>\r\n                    In the quest for effective solutions to enhance our health and well-being, it is common to explore alternatives beyond conventional treatments. I...                <\/p>\r\n                \r\n\r\n                                <div class=\"box-btnzero\">\r\n                    <a class=\"content-btn\" href=\"https:\/\/jhtotalchiropractic.com\/es\/2023\/11\/05\/live-in-fullness-with-jhtotalchiropractic-transform-your-life-without-medications-or-surgeries\/\">\r\n\r\n                        \r\n                        Read More                    <\/a>\r\n                <\/div>\r\n                \r\n\r\n                                <ul class=\"post-meta\">\r\n\r\n                                        <li class=\"postarch\"><i class=\"fa fa-archive\"><\/i> <a href=\"https:\/\/jhtotalchiropractic.com\/es\/category\/blog\/\" rel=\"category tag\">Blog<\/a><\/li>\r\n                    \r\n                                        <li><i class=\"fa fa-user\"><\/i> <a href=\"https:\/\/jhtotalchiropractic.com\/es\/author\/jhtotalchiropractic\/\" title=\"Entradas de jhtotalchiropractic\" rel=\"author\">jhtotalchiropractic<\/a><\/li>\r\n                    \r\n                                    <\/ul>\r\n                \r\n            <\/div>\r\n\r\n        <\/div>\r\n        <div class=\"spacing30 clearfix\"><\/div>\r\n    <\/div>\r\n\r\n        <div class=\"col-md-6\">\r\n        <div class=\"blog-col-inner\">\r\n\r\n\r\n\r\n\r\n            <!--if post is standard-->\r\n                                    <img decoding=\"async\" width=\"2560\" height=\"1709\" src=\"https:\/\/jhtotalchiropractic.com\/wp-content\/uploads\/2020\/05\/00chiropractor-in-white-coat-massaging-neck-of-man-2023-11-27-05-10-00-utc-scaled.jpg\" class=\"full-size-img wp-post-image\" alt=\"\" srcset=\"https:\/\/jhtotalchiropractic.com\/wp-content\/uploads\/2020\/05\/00chiropractor-in-white-coat-massaging-neck-of-man-2023-11-27-05-10-00-utc-scaled.jpg 2560w, https:\/\/jhtotalchiropractic.com\/wp-content\/uploads\/2020\/05\/00chiropractor-in-white-coat-massaging-neck-of-man-2023-11-27-05-10-00-utc-300x200.jpg 300w, https:\/\/jhtotalchiropractic.com\/wp-content\/uploads\/2020\/05\/00chiropractor-in-white-coat-massaging-neck-of-man-2023-11-27-05-10-00-utc-1024x683.jpg 1024w, https:\/\/jhtotalchiropractic.com\/wp-content\/uploads\/2020\/05\/00chiropractor-in-white-coat-massaging-neck-of-man-2023-11-27-05-10-00-utc-768x513.jpg 768w, https:\/\/jhtotalchiropractic.com\/wp-content\/uploads\/2020\/05\/00chiropractor-in-white-coat-massaging-neck-of-man-2023-11-27-05-10-00-utc-1536x1025.jpg 1536w, https:\/\/jhtotalchiropractic.com\/wp-content\/uploads\/2020\/05\/00chiropractor-in-white-coat-massaging-neck-of-man-2023-11-27-05-10-00-utc-2048x1367.jpg 2048w\" sizes=\"(max-width: 2560px) 100vw, 2560px\" \/>            <!--if post is gallery-->\r\n            \r\n\r\n\r\n\r\n\r\n            <div class=\"excerpt-box\">\r\n\r\n\r\n\r\n\r\n                <a href=\"https:\/\/jhtotalchiropractic.com\/es\/2023\/10\/01\/benefits-of-chiropractic-care\/\">\r\n                    <h3>Beneficios de la atenci\u00f3n quiropr\u00e1ctica<\/h3>\r\n                <\/a>\r\n\r\n\r\n\r\n                <div class=\"widget-border\"><\/div>\r\n                                <p>\r\n                    Benefits of Chiropractic Care Benefits of Chiropractic Care Benefits of Chiropractic Care Chiropractic care offers a variety of benefits for heal...                <\/p>\r\n                \r\n\r\n                                <div class=\"box-btnzero\">\r\n                    <a class=\"content-btn\" href=\"https:\/\/jhtotalchiropractic.com\/es\/2023\/10\/01\/benefits-of-chiropractic-care\/\">\r\n\r\n                        \r\n                        Read More                    <\/a>\r\n                <\/div>\r\n                \r\n\r\n                                <ul class=\"post-meta\">\r\n\r\n                                        <li class=\"postarch\"><i class=\"fa fa-archive\"><\/i> <a href=\"https:\/\/jhtotalchiropractic.com\/es\/category\/blog\/\" rel=\"category tag\">Blog<\/a>, <a href=\"https:\/\/jhtotalchiropractic.com\/es\/category\/race\/\" rel=\"category tag\">race<\/a><\/li>\r\n                    \r\n                                        <li><i class=\"fa fa-user\"><\/i> <a href=\"https:\/\/jhtotalchiropractic.com\/es\/author\/jhtotalchiropractic\/\" title=\"Entradas de jhtotalchiropractic\" rel=\"author\">jhtotalchiropractic<\/a><\/li>\r\n                    \r\n                                    <\/ul>\r\n                \r\n            <\/div>\r\n\r\n        <\/div>\r\n        <div class=\"spacing30 clearfix\"><\/div>\r\n    <\/div>\r\n\r\n        <div class=\"col-md-6\">\r\n        <div class=\"blog-col-inner\">\r\n\r\n\r\n\r\n\r\n            <!--if post is standard-->\r\n                                    <img loading=\"lazy\" decoding=\"async\" width=\"1275\" height=\"616\" src=\"https:\/\/jhtotalchiropractic.com\/wp-content\/uploads\/2024\/01\/Mesa-de-trabajo-1@150x-100.jpg\" class=\"full-size-img wp-post-image\" alt=\"\" srcset=\"https:\/\/jhtotalchiropractic.com\/wp-content\/uploads\/2024\/01\/Mesa-de-trabajo-1@150x-100.jpg 1275w, https:\/\/jhtotalchiropractic.com\/wp-content\/uploads\/2024\/01\/Mesa-de-trabajo-1@150x-100-300x145.jpg 300w, https:\/\/jhtotalchiropractic.com\/wp-content\/uploads\/2024\/01\/Mesa-de-trabajo-1@150x-100-1024x495.jpg 1024w, https:\/\/jhtotalchiropractic.com\/wp-content\/uploads\/2024\/01\/Mesa-de-trabajo-1@150x-100-768x371.jpg 768w\" sizes=\"(max-width: 1275px) 100vw, 1275px\" \/>            <!--if post is gallery-->\r\n            \r\n\r\n\r\n\r\n\r\n            <div class=\"excerpt-box\">\r\n\r\n\r\n\r\n\r\n                <a href=\"https:\/\/jhtotalchiropractic.com\/es\/2023\/07\/15\/summus-medical-laser-therapy-in-new-york\/\">\r\n                    <h3>SUMMUS MEDICAL LASER THERAPY en New York.<\/h3>\r\n                <\/a>\r\n\r\n\r\n\r\n                <div class=\"widget-border\"><\/div>\r\n                                <p>\r\n                    Photobiomodulation is a non-invasive therapeutic technique that utilizes light to enhance cellular function and promote healing in the body. It i...                <\/p>\r\n                \r\n\r\n                                <div class=\"box-btnzero\">\r\n                    <a class=\"content-btn\" href=\"https:\/\/jhtotalchiropractic.com\/es\/2023\/07\/15\/summus-medical-laser-therapy-in-new-york\/\">\r\n\r\n                        \r\n                        Read More                    <\/a>\r\n                <\/div>\r\n                \r\n\r\n                                <ul class=\"post-meta\">\r\n\r\n                                        <li class=\"postarch\"><i class=\"fa fa-archive\"><\/i> <a href=\"https:\/\/jhtotalchiropractic.com\/es\/category\/blog\/\" rel=\"category tag\">Blog<\/a><\/li>\r\n                    \r\n                                        <li><i class=\"fa fa-user\"><\/i> <a href=\"https:\/\/jhtotalchiropractic.com\/es\/author\/jhtotalchiropractic\/\" title=\"Entradas de jhtotalchiropractic\" rel=\"author\">jhtotalchiropractic<\/a><\/li>\r\n                    \r\n                                    <\/ul>\r\n                \r\n            <\/div>\r\n\r\n        <\/div>\r\n        <div class=\"spacing30 clearfix\"><\/div>\r\n    <\/div>\r\n\r\n    <\/div>\r\n\r\n<!--pagination-->\r\n<ul class='pagination zapedah-pg'><li class='active'><a href='#' >1<\/a><\/li><li><a href='https:\/\/jhtotalchiropractic.com\/es\/wp-json\/wp\/v2\/pages\/818\/page\/2\/' class='inactive' >2<\/a><\/li><\/ul>\n\t\t<\/div>\n\t\t\t\t<\/div>\n\t\t\t\t\t<\/div>\n\t\t<\/div>\n\t\t\t\t<div class=\"elementor-column elementor-col-33 elementor-top-column elementor-element elementor-element-8f6a1b8\" data-id=\"8f6a1b8\" data-element_type=\"column\">\n\t\t\t<div class=\"elementor-widget-wrap elementor-element-populated\">\n\t\t\t\t\t\t\t\t<div class=\"elementor-element elementor-element-057ac6d elementor-widget elementor-widget-zapedah-sidebar\" data-id=\"057ac6d\" data-element_type=\"widget\" data-widget_type=\"zapedah-sidebar.default\">\n\t\t\t\t<div class=\"elementor-widget-container\">\n\t\t\t<!--SIDEBAR START-->\r\n<div class=\"zapedah-sidebar sidebar clearfix\">\r\n    <div  id=\"search-3\" class=\"widget widget_search clearfix\"><form role=\"search\" method=\"get\" class=\"searchform\" action=\"https:\/\/jhtotalchiropractic.com\/es\/\" data-trp-original-action=\"https:\/\/jhtotalchiropractic.com\/es\/\" > \r\n\t\t<input type=\"search\" placeholder=\"Search and hit enter...\" value=\"\" name=\"s\" class=\"search-input-form\" \/>\r\n\t\t<input type=\"submit\" class=\"searchsubmit\" \/>\r\n\t\t<input type=\"hidden\" name=\"trp-form-language\" value=\"es\"\/><\/form><\/div>\n\t\t<div  id=\"recent-posts-3\" class=\"widget widget_recent_entries clearfix\">\n\t\t<h3 class=\"widgettitle\">Entradas recientes<\/h3> <div class=\"widget-border\"><\/div>\n\t\t<ul>\n\t\t\t\t\t\t\t\t\t\t\t<li>\n\t\t\t\t\t<a href=\"https:\/\/jhtotalchiropractic.com\/es\/2023\/12\/11\/recovery-and-legal-support-how-chiropractic-care-can-aid-in-car-and-workplace-accident-injuries\/\">Recuperaci\u00f3n y apoyo legal: c\u00f3mo la atenci\u00f3n quiropr\u00e1ctica puede ayudar en lesiones por accidentes automovil\u00edsticos y laborales<\/a>\n\t\t\t\t\t\t\t\t\t<\/li>\n\t\t\t\t\t\t\t\t\t\t\t<li>\n\t\t\t\t\t<a href=\"https:\/\/jhtotalchiropractic.com\/es\/2023\/11\/05\/live-in-fullness-with-jhtotalchiropractic-transform-your-life-without-medications-or-surgeries\/\">Vive en Plenitud con JH total quiropr\u00e1ctica: Transforma tu vida sin medicamentos ni cirug\u00edas<\/a>\n\t\t\t\t\t\t\t\t\t<\/li>\n\t\t\t\t\t\t\t\t\t\t\t<li>\n\t\t\t\t\t<a href=\"https:\/\/jhtotalchiropractic.com\/es\/2023\/10\/01\/benefits-of-chiropractic-care\/\">Beneficios de la atenci\u00f3n quiropr\u00e1ctica<\/a>\n\t\t\t\t\t\t\t\t\t<\/li>\n\t\t\t\t\t\t\t\t\t\t\t<li>\n\t\t\t\t\t<a href=\"https:\/\/jhtotalchiropractic.com\/es\/2023\/07\/15\/summus-medical-laser-therapy-in-new-york\/\">SUMMUS MEDICAL LASER THERAPY en New York.<\/a>\n\t\t\t\t\t\t\t\t\t<\/li>\n\t\t\t\t\t\t\t\t\t\t\t<li>\n\t\t\t\t\t<a href=\"https:\/\/jhtotalchiropractic.com\/es\/2021\/02\/21\/chiropractic-adjustment\/\">Ajuste quiropr\u00e1ctico<\/a>\n\t\t\t\t\t\t\t\t\t<\/li>\n\t\t\t\t\t<\/ul>\n\n\t\t<\/div><div  id=\"tag_cloud-1\" class=\"widget widget_tag_cloud clearfix\"><h3 class=\"widgettitle\">Tag cloud<\/h3> <div class=\"widget-border\"><\/div><div class=\"tagcloud\"><a href=\"https:\/\/jhtotalchiropractic.com\/es\/tag\/quiropractico\/\" class=\"tag-cloud-link tag-link-18 tag-link-position-1\" aria-label=\"Quiropractico (3 elementos)\">Quiropractico<\/a><\/div>\n<\/div><\/div>\r\n<!--\/.sidebar-->\r\n<!--SIDEBAR END-->\r\n\t\t<\/div>\n\t\t\t\t<\/div>\n\t\t\t\t\t<\/div>\n\t\t<\/div>\n\t\t\t\t\t\t\t<\/div>\n\t\t<\/section>\n\t\t\t\t\t\t\t<\/div>","protected":false},"excerpt":{"rendered":"<p>Our blog The News. Recovery and Legal Support: How Chiropractic Care Can Aid in Car and Workplace Accident Injuries At our chiropractic center, we understand how impactful and debilitating injuries resulting from car accidents and workplace incidents can be. Ou&#8230; Read More Blog jhtotalchiropractic Live in Fullness with jhtotalchiropractic: Transform Your Life Without Medications or Surgeries In the quest for &hellip;<\/p>","protected":false},"author":1,"featured_media":908,"parent":0,"menu_order":0,"comment_status":"closed","ping_status":"closed","template":"blank-builder.php","meta":{"footnotes":""},"_links":{"self":[{"href":"https:\/\/jhtotalchiropractic.com\/es\/wp-json\/wp\/v2\/pages\/818"}],"collection":[{"href":"https:\/\/jhtotalchiropractic.com\/es\/wp-json\/wp\/v2\/pages"}],"about":[{"href":"https:\/\/jhtotalchiropractic.com\/es\/wp-json\/wp\/v2\/types\/page"}],"author":[{"embeddable":true,"href":"https:\/\/jhtotalchiropractic.com\/es\/wp-json\/wp\/v2\/users\/1"}],"replies":[{"embeddable":true,"href":"https:\/\/jhtotalchiropractic.com\/es\/wp-json\/wp\/v2\/comments?post=818"}],"version-history":[{"count":5,"href":"https:\/\/jhtotalchiropractic.com\/es\/wp-json\/wp\/v2\/pages\/818\/revisions"}],"predecessor-version":[{"id":1025,"href":"https:\/\/jhtotalchiropractic.com\/es\/wp-json\/wp\/v2\/pages\/818\/revisions\/1025"}],"wp:featuredmedia":[{"embeddable":true,"href":"https:\/\/jhtotalchiropractic.com\/es\/wp-json\/wp\/v2\/media\/908"}],"wp:attachment":[{"href":"https:\/\/jhtotalchiropractic.com\/es\/wp-json\/wp\/v2\/media?parent=818"}],"curies":[{"name":"wp","href":"https:\/\/api.w.org\/{rel}","templated":true}]}}